{"id":1278,"date":"2025-12-22T11:12:37","date_gmt":"2025-12-22T11:12:37","guid":{"rendered":"https:\/\/vidras.ch\/noblesse\/?post_type=product&#038;p=1278"},"modified":"2026-05-01T14:11:49","modified_gmt":"2026-05-01T14:11:49","slug":"raumspray-10-ml-50-ml","status":"publish","type":"product","link":"https:\/\/vidras.ch\/noblesse\/product\/raumspray-10-ml-50-ml\/","title":{"rendered":"Raumspray  London Santal (10 ml \/ 50 ml)"},"content":{"rendered":"<h2 style=\"text-align: center;\" data-start=\"1546\" data-end=\"1562\">Beschreibung<\/h2>\n<p style=\"text-align: center;\" data-start=\"21\" data-end=\"133\">Eine stille Raffinesse, in der samtiges Leder auf warme Gew\u00fcrze und weiches, orientalisches Sandelholz trifft.<\/p>\n<p style=\"text-align: center;\" data-start=\"135\" data-end=\"476\">Der Duft er\u00f6ffnet mit einer feinen Freisetzung von Kardamom, sanft umh\u00fcllt von cremigem Sandelholz, wodurch sich die Komposition langsam entfaltet und den Raum mit einer zarten, umarmenden W\u00e4rme erf\u00fcllt. Im Herzen verschmelzen pudrige Iris und goldener Amber zu einem eleganten orientalischen Charakter mit einer subtil bitters\u00fc\u00dfen Nuance.<\/p>\n<p style=\"text-align: center;\" data-start=\"478\" data-end=\"675\">Mit zunehmender Tiefe treten Veilchen und Papyrus hervor und klingen in einem weichen, luftigen Ausklang aus \u2014 begleitet von einem feinen floralen Hauch und einem langanhaltenden Gef\u00fchl der Ruhe.<\/p>\n<p style=\"text-align: center;\" data-start=\"677\" data-end=\"1096\">Geschaffen f\u00fcr jene, die sich zu beruhigenden pudrigen Akkorden, edlen Gew\u00fcrzen und der zeitlosen Mystik des Orients hingezogen f\u00fchlen, verleiht <strong data-start=\"822\" data-end=\"839\">LONDON SANTAL<\/strong> jedem Interieur Tiefe und Balance. Besonders harmonisch wirkt der Duft in Kombination mit nat\u00fcrlichen Materialien wie Holz und Leder. Ideal f\u00fcr lichtdurchflutete R\u00e4ume, elegante Wohnbereiche und gro\u00dfz\u00fcgige Interieurs, in denen dezenter Luxus vorherrscht.<\/p>\n<p style=\"text-align: center;\" data-start=\"1098\" data-end=\"1187\">Unterst\u00fctzt Fokus und Klarheit durch die erdende Pr\u00e4senz w\u00fcrziger und holziger Akkorde.<\/p>\n<p style=\"text-align: center;\" data-start=\"552\" data-end=\"661\"><span style=\"font-size: 1.7em; font-weight: bold;\">Duftnoten<\/span><\/p>\n<p style=\"text-align: center;\"><strong data-start=\"1564\" data-end=\"1577\">Kopfnote:<\/strong> Sandelholz, Papyrus, Leder<br data-start=\"1604\" data-end=\"1607\" \/><strong data-start=\"1607\" data-end=\"1620\">Herznote:<\/strong> Virginia-Zeder, Kardamom, Veilchen<br data-start=\"1655\" data-end=\"1658\" \/><strong data-start=\"1658\" data-end=\"1672\">Basisnote:<\/strong> Iris, Amber<\/p>\n","protected":false},"excerpt":{"rendered":"<p data-start=\"245\" data-end=\"479\">Eine elegante, orientalisch-holzige Raumkomposition mit Sandelholz, Papyrus und feinen Gew\u00fcrzen. Warme Amber- und Irisnoten verschmelzen mit Lederakzenten und schaffen eine harmonische, beruhigende Atmosph\u00e4re f\u00fcr stilvolle Innenr\u00e4ume.<\/p>\n","protected":false},"featured_media":2231,"comment_status":"open","ping_status":"closed","template":"","meta":{"site-sidebar-layout":"default","site-content-layout":"","ast-site-content-layout":"default","site-content-style":"default","site-sidebar-style":"default","ast-global-header-display":"","ast-banner-title-visibility":"","ast-main-header-display":"","ast-hfb-above-header-display":"","ast-hfb-below-header-display":"","ast-hfb-mobile-header-display":"","site-post-title":"","ast-breadcrumbs-content":"","ast-featured-img":"","footer-sml-layout":"","ast-disable-related-posts":"","theme-transparent-header-meta":"default","adv-header-id-meta":"","stick-header-meta":"","header-above-stick-meta":"","header-main-stick-meta":"","header-below-stick-meta":"","astra-migrate-meta-layouts":"set","ast-page-background-enabled":"default","ast-page-background-meta":{"desktop":{"background-color":"","background-image":"","background-repeat":"repeat","background-position":"center center","background-size":"auto","background-attachment":"scroll","background-type":"","background-media":"","overlay-type":"","overlay-color":"","overlay-opacity":"","overlay-gradient":""},"tablet":{"background-color":"","background-image":"","background-repeat":"repeat","background-position":"center center","background-size":"auto","background-attachment":"scroll","background-type":"","background-media":"","overlay-type":"","overlay-color":"","overlay-opacity":"","overlay-gradient":""},"mobile":{"background-color":"","background-image":"","background-repeat":"repeat","background-position":"center center","background-size":"auto","background-attachment":"scroll","background-type":"","background-media":"","overlay-type":"","overlay-color":"","overlay-opacity":"","overlay-gradient":""}},"ast-content-background-meta":{"desktop":{"background-color":"var(--ast-global-color-5)","background-image":"","background-repeat":"repeat","background-position":"center center","background-size":"auto","background-attachment":"scroll","background-type":"","background-media":"","overlay-type":"","overlay-color":"","overlay-opacity":"","overlay-gradient":""},"tablet":{"background-color":"var(--ast-global-color-5)","background-image":"","background-repeat":"repeat","background-position":"center center","background-size":"auto","background-attachment":"scroll","background-type":"","background-media":"","overlay-type":"","overlay-color":"","overlay-opacity":"","overlay-gradient":""},"mobile":{"background-color":"var(--ast-global-color-5)","background-image":"","background-repeat":"repeat","background-position":"center center","background-size":"auto","background-attachment":"scroll","background-type":"","background-media":"","overlay-type":"","overlay-color":"","overlay-opacity":"","overlay-gradient":""}}},"product_brand":[],"product_cat":[37],"product_tag":[],"class_list":{"0":"post-1278","1":"product","2":"type-product","3":"status-publish","4":"has-post-thumbnail","6":"product_cat-raumspray","7":"has-hover-img","8":"hover-img-1278","9":"desktop-align-left","10":"tablet-align-left","11":"mobile-align-left","13":"first","14":"instock","15":"shipping-taxable","16":"purchasable","17":"product-type-variable"},"_links":{"self":[{"href":"https:\/\/vidras.ch\/noblesse\/wp-json\/wp\/v2\/product\/1278","targetHints":{"allow":["GET"]}}],"collection":[{"href":"https:\/\/vidras.ch\/noblesse\/wp-json\/wp\/v2\/product"}],"about":[{"href":"https:\/\/vidras.ch\/noblesse\/wp-json\/wp\/v2\/types\/product"}],"replies":[{"embeddable":true,"href":"https:\/\/vidras.ch\/noblesse\/wp-json\/wp\/v2\/comments?post=1278"}],"wp:featuredmedia":[{"embeddable":true,"href":"https:\/\/vidras.ch\/noblesse\/wp-json\/wp\/v2\/media\/2231"}],"wp:attachment":[{"href":"https:\/\/vidras.ch\/noblesse\/wp-json\/wp\/v2\/media?parent=1278"}],"wp:term":[{"taxonomy":"product_brand","embeddable":true,"href":"https:\/\/vidras.ch\/noblesse\/wp-json\/wp\/v2\/product_brand?post=1278"},{"taxonomy":"product_cat","embeddable":true,"href":"https:\/\/vidras.ch\/noblesse\/wp-json\/wp\/v2\/product_cat?post=1278"},{"taxonomy":"product_tag","embeddable":true,"href":"https:\/\/vidras.ch\/noblesse\/wp-json\/wp\/v2\/product_tag?post=1278"}],"curies":[{"name":"wp","href":"https:\/\/api.w.org\/{rel}","templated":true}]}}