{"id":1282,"date":"2025-12-22T11:17:39","date_gmt":"2025-12-22T11:17:39","guid":{"rendered":"https:\/\/vidras.ch\/noblesse\/?post_type=product&#038;p=1282"},"modified":"2026-04-27T09:30:45","modified_gmt":"2026-04-27T09:30:45","slug":"textilspray-london-santal-500-ml","status":"publish","type":"product","link":"https:\/\/vidras.ch\/noblesse\/product\/textilspray-london-santal-500-ml\/","title":{"rendered":"Textilspray \u2013 London Santal (500 ml)"},"content":{"rendered":"<h3 style=\"text-align: center;\" data-start=\"361\" data-end=\"380\"><strong data-start=\"364\" data-end=\"380\">Beschreibung<\/strong><\/h3>\n<p style=\"text-align: center;\" data-start=\"382\" data-end=\"444\">Ein warmer Hauch von Leder, Gew\u00fcrzen und orientalischer Tiefe.<\/p>\n<p style=\"text-align: center;\" data-start=\"446\" data-end=\"631\"><strong data-start=\"446\" data-end=\"463\">LONDON SANTAL<\/strong> ist eine umh\u00fcllende, pudrige Komposition, die sich langsam und anmutig im Raum entfaltet und eine Atmosph\u00e4re stiller Selbstsicherheit und raffinierter Eleganz schafft.<\/p>\n<p style=\"text-align: center;\" data-start=\"633\" data-end=\"948\">Die Komposition er\u00f6ffnet mit der cremigen W\u00e4rme von Sandelholz, verschmolzen mit weichem Leder und feinem Papyrus \u2013 warm, edel und erdend. Mit der Zeit verleihen w\u00fcrziger Kardamom und Virginia-Zeder dem Duft Charakter und Struktur, w\u00e4hrend ein zarter Schleier von Veilchen eine elegante florale Sanftheit einbringt.<\/p>\n<p style=\"text-align: center;\" data-start=\"950\" data-end=\"1166\"><strong data-start=\"950\" data-end=\"967\">LONDON SANTAL<\/strong> richtet sich an alle, die w\u00e4rmende, pudrige D\u00fcfte mit einer dezenten Gew\u00fcrznote und orientalischer Anziehungskraft sch\u00e4tzen. Er bringt Tiefe, Geborgenheit und zur\u00fcckhaltenden Luxus in Ihr Interieur.<\/p>\n<p style=\"text-align: center;\" data-start=\"1168\" data-end=\"1334\">Perfekt f\u00fcr lichtdurchflutete R\u00e4ume, Interieurs mit Holz- und Lederdetails sowie gro\u00dfz\u00fcgige Wohnbereiche und Hallen, in denen Eleganz leise, aber selbstbewusst wirkt.<\/p>\n<h3 style=\"text-align: center;\" data-start=\"1341\" data-end=\"1357\"><strong data-start=\"1344\" data-end=\"1357\">Duftnoten<\/strong><\/h3>\n<p style=\"text-align: center;\" data-start=\"1359\" data-end=\"1481\"><strong data-start=\"1359\" data-end=\"1372\">Kopfnote:<\/strong> Sandelholz, Papyrus, Leder<br data-start=\"1399\" data-end=\"1402\" \/><strong data-start=\"1402\" data-end=\"1415\">Herznote:<\/strong> Virginia-Zeder, Kardamom, Veilchen<br data-start=\"1450\" data-end=\"1453\" \/><strong data-start=\"1453\" data-end=\"1467\">Basisnote:<\/strong> Iris, Amber<\/p>\n<div class=\"flex flex-col text-sm pb-25\">\n<article class=\"text-token-text-primary w-full focus:outline-none [--shadow-height:45px] has-data-writing-block:pointer-events-none has-data-writing-block:-mt-(--shadow-height) has-data-writing-block:pt-(--shadow-height) [&amp;:has([data-writing-block])&gt;*]:pointer-events-auto scroll-mt-[calc(var(--header-height)+min(200px,max(70px,20svh)))]\" dir=\"auto\" tabindex=\"-1\" data-turn-id=\"request-69a6c8e0-6ae0-838a-b453-19d91781b9b1-20\" data-testid=\"conversation-turn-38\" data-scroll-anchor=\"true\" data-turn=\"assistant\">\n<div class=\"text-base my-auto mx-auto pb-10 [--thread-content-margin:--spacing(4)] @w-sm\/main:[--thread-content-margin:--spacing(6)] @w-lg\/main:[--thread-content-margin:--spacing(16)] px-(--thread-content-margin)\">\n<div class=\"[--thread-content-max-width:40rem] @w-lg\/main:[--thread-content-max-width:48rem] mx-auto max-w-(--thread-content-max-width) flex-1 group\/turn-messages focus-visible:outline-hidden relative flex w-full min-w-0 flex-col agent-turn\" tabindex=\"-1\">\n<div class=\"flex max-w-full flex-col grow\" style=\"text-align: center;\">\n<div class=\"min-h-8 text-message relative flex w-full flex-col items-end gap-2 text-start break-words whitespace-normal [.text-message+&amp;]:mt-1\" dir=\"auto\" data-message-author-role=\"assistant\" data-message-id=\"86621212-6188-4e50-9449-92be792c01fb\" data-message-model-slug=\"gpt-5-2-instant\">\n<div class=\"flex w-full flex-col gap-1 empty:hidden first:pt-[1px]\">\n<div class=\"markdown prose dark:prose-invert w-full wrap-break-word light markdown-new-styling\">\n<h3 data-start=\"1488\" data-end=\"1527\"><strong data-start=\"1491\" data-end=\"1527\">Die Kunst, Textilien zu beduften<\/strong><\/h3>\n<p data-start=\"1529\" data-end=\"1729\">\u2022 Verleiht Stoffen eine elegante, langanhaltende Duftsignatur.<br data-start=\"1591\" data-end=\"1594\" \/>\u2022 Ideal f\u00fcr Vorh\u00e4nge, Polsterm\u00f6bel, Bettw\u00e4sche und Garderoben.<br data-start=\"1656\" data-end=\"1659\" \/>\u2022 Schafft eine warme, stilvolle Atmosph\u00e4re mit orientalischer Tiefe.<br \/>\n<strong data-start=\"1731\" data-end=\"1782\" data-is-last-node=\"\">\u2022 <\/strong>LONDON SANTAL \u2013 W\u00e4rme. Tiefe. Zeitlose Eleganz.<\/p>\n<\/div>\n<\/div>\n<\/div>\n<\/div>\n<div class=\"z-0 flex min-h-[46px] justify-start\" style=\"text-align: center;\"><\/div>\n<\/div>\n<\/div>\n<\/article>\n<\/div>\n","protected":false},"excerpt":{"rendered":"<p data-start=\"113\" data-end=\"317\">Ein warmer, pudrig-w\u00fcrziger Textilspray mit Sandelholz, Leder und feinem Kardamom. Elegant, umh\u00fcllend und orientalisch \u2013 ideal f\u00fcr Wohnr\u00e4ume mit Holz- und Lederakzenten sowie helle, gro\u00dfz\u00fcgige Interieurs.<\/p>\n","protected":false},"featured_media":2359,"comment_status":"open","ping_status":"closed","template":"","meta":{"site-sidebar-layout":"default","site-content-layout":"","ast-site-content-layout":"default","site-content-style":"default","site-sidebar-style":"default","ast-global-header-display":"","ast-banner-title-visibility":"","ast-main-header-display":"","ast-hfb-above-header-display":"","ast-hfb-below-header-display":"","ast-hfb-mobile-header-display":"","site-post-title":"","ast-breadcrumbs-content":"","ast-featured-img":"","footer-sml-layout":"","ast-disable-related-posts":"","theme-transparent-header-meta":"default","adv-header-id-meta":"","stick-header-meta":"","header-above-stick-meta":"","header-main-stick-meta":"","header-below-stick-meta":"","astra-migrate-meta-layouts":"set","ast-page-background-enabled":"default","ast-page-background-meta":{"desktop":{"background-color":"","background-image":"","background-repeat":"repeat","background-position":"center center","background-size":"auto","background-attachment":"scroll","background-type":"","background-media":"","overlay-type":"","overlay-color":"","overlay-opacity":"","overlay-gradient":""},"tablet":{"background-color":"","background-image":"","background-repeat":"repeat","background-position":"center center","background-size":"auto","background-attachment":"scroll","background-type":"","background-media":"","overlay-type":"","overlay-color":"","overlay-opacity":"","overlay-gradient":""},"mobile":{"background-color":"","background-image":"","background-repeat":"repeat","background-position":"center center","background-size":"auto","background-attachment":"scroll","background-type":"","background-media":"","overlay-type":"","overlay-color":"","overlay-opacity":"","overlay-gradient":""}},"ast-content-background-meta":{"desktop":{"background-color":"var(--ast-global-color-5)","background-image":"","background-repeat":"repeat","background-position":"center center","background-size":"auto","background-attachment":"scroll","background-type":"","background-media":"","overlay-type":"","overlay-color":"","overlay-opacity":"","overlay-gradient":""},"tablet":{"background-color":"var(--ast-global-color-5)","background-image":"","background-repeat":"repeat","background-position":"center center","background-size":"auto","background-attachment":"scroll","background-type":"","background-media":"","overlay-type":"","overlay-color":"","overlay-opacity":"","overlay-gradient":""},"mobile":{"background-color":"var(--ast-global-color-5)","background-image":"","background-repeat":"repeat","background-position":"center center","background-size":"auto","background-attachment":"scroll","background-type":"","background-media":"","overlay-type":"","overlay-color":"","overlay-opacity":"","overlay-gradient":""}}},"product_brand":[],"product_cat":[38],"product_tag":[],"class_list":{"0":"post-1282","1":"product","2":"type-product","3":"status-publish","4":"has-post-thumbnail","6":"product_cat-textilspray","7":"has-hover-img","8":"hover-img-1282","9":"desktop-align-left","10":"tablet-align-left","11":"mobile-align-left","13":"first","14":"instock","15":"shipping-taxable","16":"purchasable","17":"product-type-variable"},"_links":{"self":[{"href":"https:\/\/vidras.ch\/noblesse\/wp-json\/wp\/v2\/product\/1282","targetHints":{"allow":["GET"]}}],"collection":[{"href":"https:\/\/vidras.ch\/noblesse\/wp-json\/wp\/v2\/product"}],"about":[{"href":"https:\/\/vidras.ch\/noblesse\/wp-json\/wp\/v2\/types\/product"}],"replies":[{"embeddable":true,"href":"https:\/\/vidras.ch\/noblesse\/wp-json\/wp\/v2\/comments?post=1282"}],"wp:featuredmedia":[{"embeddable":true,"href":"https:\/\/vidras.ch\/noblesse\/wp-json\/wp\/v2\/media\/2359"}],"wp:attachment":[{"href":"https:\/\/vidras.ch\/noblesse\/wp-json\/wp\/v2\/media?parent=1282"}],"wp:term":[{"taxonomy":"product_brand","embeddable":true,"href":"https:\/\/vidras.ch\/noblesse\/wp-json\/wp\/v2\/product_brand?post=1282"},{"taxonomy":"product_cat","embeddable":true,"href":"https:\/\/vidras.ch\/noblesse\/wp-json\/wp\/v2\/product_cat?post=1282"},{"taxonomy":"product_tag","embeddable":true,"href":"https:\/\/vidras.ch\/noblesse\/wp-json\/wp\/v2\/product_tag?post=1282"}],"curies":[{"name":"wp","href":"https:\/\/api.w.org\/{rel}","templated":true}]}}