{"id":1498,"date":"2026-02-18T11:11:40","date_gmt":"2026-02-18T11:11:40","guid":{"rendered":"https:\/\/vidras.ch\/noblesse\/?post_type=product&#038;p=1498"},"modified":"2026-05-01T14:09:17","modified_gmt":"2026-05-01T14:09:17","slug":"raumspray-10-ml-50-ml-4","status":"publish","type":"product","link":"https:\/\/vidras.ch\/noblesse\/product\/raumspray-10-ml-50-ml-4\/","title":{"rendered":"Raumspray 1001 Nights (10 ml \/ 50 ml)"},"content":{"rendered":"<h3 style=\"text-align: center;\" data-start=\"518\" data-end=\"538\"><strong data-start=\"522\" data-end=\"538\">Beschreibung<\/strong><\/h3>\n<p style=\"text-align: center;\" data-start=\"21\" data-end=\"166\">Ein Raumduft, der die verfeinerte Sinnlichkeit des Orients einf\u00e4ngt und die F\u00fclle der Damaszener-Rose mit der edlen Tiefe von Oud-Holz vereint.<\/p>\n<p style=\"text-align: center;\" data-start=\"168\" data-end=\"552\">Die Komposition beginnt mit eleganten Akzenten von Geranie und Veilchen, die eine sanft florale, leicht herbe Nuance in den Raum bringen. Im Herzen entfalten sich Damaszener- und T\u00fcrkische Rose zu einem samtigen, leuchtenden Akkord, zart gew\u00e4rmt durch einen feinen Hauch von Zimt. Das Ergebnis ist eine geschmeidige, umh\u00fcllende Duftspur \u2014 opulent und zugleich vollkommen ausgewogen.<\/p>\n<p style=\"text-align: center;\" data-start=\"554\" data-end=\"761\">Geschaffen f\u00fcr jene, die die Atmosph\u00e4re ikonischer Hotels und warmer Abende unter einem sternenklaren Himmel sch\u00e4tzen, verk\u00f6rpert <strong data-start=\"684\" data-end=\"699\">1001 NIGHTS<\/strong> Selbstbewusstsein, Anziehungskraft und zeitlose Raffinesse.<\/p>\n<p style=\"text-align: center;\" data-start=\"763\" data-end=\"931\">Ideal f\u00fcr elegante Wohnr\u00e4ume, Empfangsbereiche und luxuri\u00f6se Lobbys, verleiht dieser Duft jedem Interieur eine unverkennbare Aura von Stil, Pr\u00e4senz und stiller Gr\u00f6\u00dfe.<\/p>\n<h3 style=\"text-align: center;\" data-start=\"1495\" data-end=\"1512\"><strong data-start=\"1499\" data-end=\"1512\">Duftnoten<\/strong><\/h3>\n<div class=\"flex flex-col text-sm pb-25\">\n<article class=\"text-token-text-primary w-full focus:outline-none [--shadow-height:45px] has-data-writing-block:pointer-events-none has-data-writing-block:-mt-(--shadow-height) has-data-writing-block:pt-(--shadow-height) [&amp;:has([data-writing-block])&gt;*]:pointer-events-auto scroll-mt-[calc(var(--header-height)+min(200px,max(70px,20svh)))]\" dir=\"auto\" tabindex=\"-1\" data-turn-id=\"request-69a6c8e0-6ae0-838a-b453-19d91781b9b1-7\" data-testid=\"conversation-turn-16\" data-scroll-anchor=\"true\" data-turn=\"assistant\">\n<div class=\"text-base my-auto mx-auto pb-10 [--thread-content-margin:--spacing(4)] @w-sm\/main:[--thread-content-margin:--spacing(6)] @w-lg\/main:[--thread-content-margin:--spacing(16)] px-(--thread-content-margin)\">\n<div class=\"[--thread-content-max-width:40rem] @w-lg\/main:[--thread-content-max-width:48rem] mx-auto max-w-(--thread-content-max-width) flex-1 group\/turn-messages focus-visible:outline-hidden relative flex w-full min-w-0 flex-col agent-turn\" tabindex=\"-1\">\n<div class=\"flex max-w-full flex-col grow\">\n<div class=\"min-h-8 text-message relative flex w-full flex-col items-end gap-2 text-start break-words whitespace-normal [.text-message+&amp;]:mt-1\" dir=\"auto\" data-message-author-role=\"assistant\" data-message-id=\"663ad845-6be7-4163-9c9a-2d7c29251cab\" data-message-model-slug=\"gpt-5-2-instant\">\n<div class=\"flex w-full flex-col gap-1 empty:hidden first:pt-[1px]\">\n<div class=\"markdown prose dark:prose-invert w-full wrap-break-word light markdown-new-styling\">\n<p style=\"text-align: center;\" data-start=\"956\" data-end=\"1071\" data-is-last-node=\"\" data-is-only-node=\"\"><strong data-start=\"956\" data-end=\"969\">Kopfnote:<\/strong> Geranie, Veilchen<br data-start=\"987\" data-end=\"990\" \/><strong data-start=\"990\" data-end=\"1003\">Herznote:<\/strong> Zimt, Damaszener-Rose, T\u00fcrkische Rose<br data-start=\"1041\" data-end=\"1044\" \/><strong data-start=\"1044\" data-end=\"1058\">Basisnote:<\/strong> Oud, Vanille<\/p>\n<\/div>\n<\/div>\n<\/div>\n<\/div>\n<\/div>\n<\/div>\n<\/article>\n<\/div>\n","protected":false},"excerpt":{"rendered":"<p data-start=\"268\" data-end=\"455\">Ein orientalischer Raumduft mit Damaskus- und t\u00fcrkischer Rose, veredelt durch Zimt und edles Oud. Sinnlich, warm und luxuri\u00f6s \u2013 ideal f\u00fcr elegante Wohnr\u00e4ume und repr\u00e4sentative Interieurs.<\/p>\n","protected":false},"featured_media":2354,"comment_status":"open","ping_status":"closed","template":"","meta":{"site-sidebar-layout":"default","site-content-layout":"","ast-site-content-layout":"default","site-content-style":"default","site-sidebar-style":"default","ast-global-header-display":"","ast-banner-title-visibility":"","ast-main-header-display":"","ast-hfb-above-header-display":"","ast-hfb-below-header-display":"","ast-hfb-mobile-header-display":"","site-post-title":"","ast-breadcrumbs-content":"","ast-featured-img":"","footer-sml-layout":"","ast-disable-related-posts":"","theme-transparent-header-meta":"default","adv-header-id-meta":"","stick-header-meta":"","header-above-stick-meta":"","header-main-stick-meta":"","header-below-stick-meta":"","astra-migrate-meta-layouts":"set","ast-page-background-enabled":"default","ast-page-background-meta":{"desktop":{"background-color":"","background-image":"","background-repeat":"repeat","background-position":"center center","background-size":"auto","background-attachment":"scroll","background-type":"","background-media":"","overlay-type":"","overlay-color":"","overlay-opacity":"","overlay-gradient":""},"tablet":{"background-color":"","background-image":"","background-repeat":"repeat","background-position":"center center","background-size":"auto","background-attachment":"scroll","background-type":"","background-media":"","overlay-type":"","overlay-color":"","overlay-opacity":"","overlay-gradient":""},"mobile":{"background-color":"","background-image":"","background-repeat":"repeat","background-position":"center center","background-size":"auto","background-attachment":"scroll","background-type":"","background-media":"","overlay-type":"","overlay-color":"","overlay-opacity":"","overlay-gradient":""}},"ast-content-background-meta":{"desktop":{"background-color":"var(--ast-global-color-5)","background-image":"","background-repeat":"repeat","background-position":"center center","background-size":"auto","background-attachment":"scroll","background-type":"","background-media":"","overlay-type":"","overlay-color":"","overlay-opacity":"","overlay-gradient":""},"tablet":{"background-color":"var(--ast-global-color-5)","background-image":"","background-repeat":"repeat","background-position":"center center","background-size":"auto","background-attachment":"scroll","background-type":"","background-media":"","overlay-type":"","overlay-color":"","overlay-opacity":"","overlay-gradient":""},"mobile":{"background-color":"var(--ast-global-color-5)","background-image":"","background-repeat":"repeat","background-position":"center center","background-size":"auto","background-attachment":"scroll","background-type":"","background-media":"","overlay-type":"","overlay-color":"","overlay-opacity":"","overlay-gradient":""}}},"product_brand":[],"product_cat":[37],"product_tag":[],"class_list":{"0":"post-1498","1":"product","2":"type-product","3":"status-publish","4":"has-post-thumbnail","6":"product_cat-raumspray","7":"has-hover-img","8":"hover-img-1498","9":"desktop-align-left","10":"tablet-align-left","11":"mobile-align-left","13":"first","14":"instock","15":"shipping-taxable","16":"purchasable","17":"product-type-variable"},"_links":{"self":[{"href":"https:\/\/vidras.ch\/noblesse\/wp-json\/wp\/v2\/product\/1498","targetHints":{"allow":["GET"]}}],"collection":[{"href":"https:\/\/vidras.ch\/noblesse\/wp-json\/wp\/v2\/product"}],"about":[{"href":"https:\/\/vidras.ch\/noblesse\/wp-json\/wp\/v2\/types\/product"}],"replies":[{"embeddable":true,"href":"https:\/\/vidras.ch\/noblesse\/wp-json\/wp\/v2\/comments?post=1498"}],"wp:featuredmedia":[{"embeddable":true,"href":"https:\/\/vidras.ch\/noblesse\/wp-json\/wp\/v2\/media\/2354"}],"wp:attachment":[{"href":"https:\/\/vidras.ch\/noblesse\/wp-json\/wp\/v2\/media?parent=1498"}],"wp:term":[{"taxonomy":"product_brand","embeddable":true,"href":"https:\/\/vidras.ch\/noblesse\/wp-json\/wp\/v2\/product_brand?post=1498"},{"taxonomy":"product_cat","embeddable":true,"href":"https:\/\/vidras.ch\/noblesse\/wp-json\/wp\/v2\/product_cat?post=1498"},{"taxonomy":"product_tag","embeddable":true,"href":"https:\/\/vidras.ch\/noblesse\/wp-json\/wp\/v2\/product_tag?post=1498"}],"curies":[{"name":"wp","href":"https:\/\/api.w.org\/{rel}","templated":true}]}}