{"id":1628,"date":"2026-03-03T13:33:53","date_gmt":"2026-03-03T13:33:53","guid":{"rendered":"https:\/\/vidras.ch\/noblesse\/?post_type=product&#038;p=1628"},"modified":"2026-05-01T14:09:06","modified_gmt":"2026-05-01T14:09:06","slug":"raumspray-10-ml-50-ml-5","status":"publish","type":"product","link":"https:\/\/vidras.ch\/noblesse\/product\/raumspray-10-ml-50-ml-5\/","title":{"rendered":"Raumspray Salty Water (10 ml \/ 50 ml)"},"content":{"rendered":"<h3 style=\"text-align: center;\" data-start=\"518\" data-end=\"538\"><strong data-start=\"522\" data-end=\"538\">Beschreibung<\/strong><\/h3>\n<p style=\"text-align: center;\" data-start=\"21\" data-end=\"85\">Leicht, raffiniert, beinahe fl\u00fcsternd \u2026 und doch tief pr\u00e4sent.<\/p>\n<p style=\"text-align: center;\" data-start=\"87\" data-end=\"463\">Der Duft entfaltet sich langsam in der Luft \u2013 wie eine sanfte Meeresbrise, die bei Sonnenuntergang warme Haut ber\u00fchrt. Noten von Meersalz und Amber verschmelzen mit der Atmosph\u00e4re und erschaffen dieses reine Gef\u00fchl von salziger, vom Wind getragener Frische. Ein subtiler Hauch von Algen verleiht eine nat\u00fcrliche, gr\u00fcne Tiefe, w\u00e4hrend Salbei f\u00fcr klare, luftige Eleganz sorgt.<\/p>\n<p style=\"text-align: center;\" data-start=\"465\" data-end=\"549\"><strong data-start=\"465\" data-end=\"480\">SALTY WATER<\/strong> ist nicht laut.<br data-start=\"496\" data-end=\"499\" \/>Er dr\u00e4ngt sich nicht auf.<br data-start=\"524\" data-end=\"527\" \/>Er umgibt Sie sanft.<\/p>\n<p style=\"text-align: center;\" data-start=\"551\" data-end=\"730\">Geschaffen f\u00fcr jene, die sich nicht mit s\u00fc\u00dfen oder intensiven Parfums identifizieren, sondern sich mit dem Mysterium des Meeres verbunden f\u00fchlen \u2013 mit Stille, Tiefe und Emotion.<\/p>\n<p style=\"text-align: center;\" data-start=\"732\" data-end=\"895\">Ideal f\u00fcr ein kleines Schlafzimmer, eine Ankleide oder ein Loft-B\u00fcro \u2013 dieser Duft verwandelt jeden Raum in ein ruhiges Refugium voller Eleganz und Gelassenheit.<\/p>\n<p style=\"text-align: center;\" data-start=\"21\" data-end=\"166\"><strong style=\"font-size: 1.5em;\" data-start=\"1499\" data-end=\"1512\">Duftnoten<\/strong><\/p>\n<div class=\"flex flex-col text-sm pb-25\">\n<article class=\"text-token-text-primary w-full focus:outline-none [--shadow-height:45px] has-data-writing-block:pointer-events-none has-data-writing-block:-mt-(--shadow-height) has-data-writing-block:pt-(--shadow-height) [&amp;:has([data-writing-block])&gt;*]:pointer-events-auto scroll-mt-[calc(var(--header-height)+min(200px,max(70px,20svh)))]\" dir=\"auto\" tabindex=\"-1\" data-turn-id=\"request-69a6c8e0-6ae0-838a-b453-19d91781b9b1-7\" data-testid=\"conversation-turn-16\" data-scroll-anchor=\"true\" data-turn=\"assistant\">\n<div class=\"text-base my-auto mx-auto pb-10 [--thread-content-margin:--spacing(4)] @w-sm\/main:[--thread-content-margin:--spacing(6)] @w-lg\/main:[--thread-content-margin:--spacing(16)] px-(--thread-content-margin)\">\n<div class=\"[--thread-content-max-width:40rem] @w-lg\/main:[--thread-content-max-width:48rem] mx-auto max-w-(--thread-content-max-width) flex-1 group\/turn-messages focus-visible:outline-hidden relative flex w-full min-w-0 flex-col agent-turn\" tabindex=\"-1\">\n<div class=\"flex max-w-full flex-col grow\">\n<div class=\"min-h-8 text-message relative flex w-full flex-col items-end gap-2 text-start break-words whitespace-normal [.text-message+&amp;]:mt-1\" dir=\"auto\" data-message-author-role=\"assistant\" data-message-id=\"663ad845-6be7-4163-9c9a-2d7c29251cab\" data-message-model-slug=\"gpt-5-2-instant\">\n<div class=\"flex w-full flex-col gap-1 empty:hidden first:pt-[1px]\">\n<div class=\"markdown prose dark:prose-invert w-full wrap-break-word light markdown-new-styling\">\n<div class=\"flex flex-col text-sm pb-25\">\n<article class=\"text-token-text-primary w-full focus:outline-none [--shadow-height:45px] has-data-writing-block:pointer-events-none has-data-writing-block:-mt-(--shadow-height) has-data-writing-block:pt-(--shadow-height) [&amp;:has([data-writing-block])&gt;*]:pointer-events-auto scroll-mt-[calc(var(--header-height)+min(200px,max(70px,20svh)))]\" dir=\"auto\" tabindex=\"-1\" data-turn-id=\"request-69a6c8e0-6ae0-838a-b453-19d91781b9b1-8\" data-testid=\"conversation-turn-18\" data-scroll-anchor=\"true\" data-turn=\"assistant\">\n<div class=\"text-base my-auto mx-auto pb-10 [--thread-content-margin:--spacing(4)] @w-sm\/main:[--thread-content-margin:--spacing(6)] @w-lg\/main:[--thread-content-margin:--spacing(16)] px-(--thread-content-margin)\">\n<div class=\"[--thread-content-max-width:40rem] @w-lg\/main:[--thread-content-max-width:48rem] mx-auto max-w-(--thread-content-max-width) flex-1 group\/turn-messages focus-visible:outline-hidden relative flex w-full min-w-0 flex-col agent-turn\" tabindex=\"-1\">\n<div class=\"flex max-w-full flex-col grow\">\n<div class=\"min-h-8 text-message relative flex w-full flex-col items-end gap-2 text-start break-words whitespace-normal [.text-message+&amp;]:mt-1\" dir=\"auto\" data-message-author-role=\"assistant\" data-message-id=\"9e2cef31-3286-473a-a3f6-474a3275d428\" data-message-model-slug=\"gpt-5-2-instant\">\n<div class=\"flex w-full flex-col gap-1 empty:hidden first:pt-[1px]\">\n<div class=\"markdown prose dark:prose-invert w-full wrap-break-word light markdown-new-styling\">\n<p style=\"text-align: center;\" data-start=\"920\" data-end=\"1035\" data-is-last-node=\"\" data-is-only-node=\"\"><strong data-start=\"920\" data-end=\"933\">Kopfnote:<\/strong> Geranie, Veilchen<br data-start=\"951\" data-end=\"954\" \/><strong data-start=\"954\" data-end=\"967\">Herznote:<\/strong> Zimt, Damaszener-Rose, T\u00fcrkische Rose<br data-start=\"1005\" data-end=\"1008\" \/><strong data-start=\"1008\" data-end=\"1022\">Basisnote:<\/strong> Oud, Vanille<\/p>\n<\/div>\n<\/div>\n<\/div>\n<\/div>\n<\/div>\n<\/div>\n<\/article>\n<\/div>\n<\/div>\n<\/div>\n<\/div>\n<\/div>\n<\/div>\n<\/div>\n<\/article>\n<\/div>\n","protected":false},"excerpt":{"rendered":"<div class=\"flex flex-col text-sm pb-25\">\n<article class=\"text-token-text-primary w-full focus:outline-none [--shadow-height:45px] has-data-writing-block:pointer-events-none has-data-writing-block:-mt-(--shadow-height) has-data-writing-block:pt-(--shadow-height) [&amp;:has([data-writing-block])&gt;*]:pointer-events-auto scroll-mt-[calc(var(--header-height)+min(200px,max(70px,20svh)))]\" dir=\"auto\" tabindex=\"-1\" data-turn-id=\"request-69a6c8e0-6ae0-838a-b453-19d91781b9b1-9\" data-testid=\"conversation-turn-20\" data-scroll-anchor=\"true\" data-turn=\"assistant\">\n<div class=\"text-base my-auto mx-auto pb-10 [--thread-content-margin:--spacing(4)] @w-sm\/main:[--thread-content-margin:--spacing(6)] @w-lg\/main:[--thread-content-margin:--spacing(16)] px-(--thread-content-margin)\">\n<div class=\"[--thread-content-max-width:40rem] @w-lg\/main:[--thread-content-max-width:48rem] mx-auto max-w-(--thread-content-max-width) flex-1 group\/turn-messages focus-visible:outline-hidden relative flex w-full min-w-0 flex-col agent-turn\" tabindex=\"-1\">\n<div class=\"flex max-w-full flex-col grow\">\n<div class=\"min-h-8 text-message relative flex w-full flex-col items-end gap-2 text-start break-words whitespace-normal [.text-message+&amp;]:mt-1\" dir=\"auto\" data-message-author-role=\"assistant\" data-message-id=\"d609081f-c968-4f05-8944-e57340a8ccec\" data-message-model-slug=\"gpt-5-2-instant\">\n<div class=\"flex w-full flex-col gap-1 empty:hidden first:pt-[1px]\">\n<div class=\"markdown prose dark:prose-invert w-full wrap-break-word light markdown-new-styling\">\n<p data-start=\"0\" data-end=\"190\" data-is-last-node=\"\" data-is-only-node=\"\">Ein maritimer Raumduft mit Meersalz und Amber, verfeinert durch Salbei und eine dezente Algen-Note. Frisch, klar und elegant \u2013 ideal f\u00fcr Schlafzimmer, Ankleiden oder moderne Loft-Interieurs.<\/p>\n<\/div>\n<\/div>\n<\/div>\n<\/div>\n<\/div>\n<\/div>\n<\/article>\n<\/div>\n","protected":false},"featured_media":2189,"comment_status":"open","ping_status":"closed","template":"","meta":{"site-sidebar-layout":"default","site-content-layout":"","ast-site-content-layout":"default","site-content-style":"default","site-sidebar-style":"default","ast-global-header-display":"","ast-banner-title-visibility":"","ast-main-header-display":"","ast-hfb-above-header-display":"","ast-hfb-below-header-display":"","ast-hfb-mobile-header-display":"","site-post-title":"","ast-breadcrumbs-content":"","ast-featured-img":"","footer-sml-layout":"","ast-disable-related-posts":"","theme-transparent-header-meta":"default","adv-header-id-meta":"","stick-header-meta":"","header-above-stick-meta":"","header-main-stick-meta":"","header-below-stick-meta":"","astra-migrate-meta-layouts":"set","ast-page-background-enabled":"default","ast-page-background-meta":{"desktop":{"background-color":"","background-image":"","background-repeat":"repeat","background-position":"center center","background-size":"auto","background-attachment":"scroll","background-type":"","background-media":"","overlay-type":"","overlay-color":"","overlay-opacity":"","overlay-gradient":""},"tablet":{"background-color":"","background-image":"","background-repeat":"repeat","background-position":"center center","background-size":"auto","background-attachment":"scroll","background-type":"","background-media":"","overlay-type":"","overlay-color":"","overlay-opacity":"","overlay-gradient":""},"mobile":{"background-color":"","background-image":"","background-repeat":"repeat","background-position":"center center","background-size":"auto","background-attachment":"scroll","background-type":"","background-media":"","overlay-type":"","overlay-color":"","overlay-opacity":"","overlay-gradient":""}},"ast-content-background-meta":{"desktop":{"background-color":"var(--ast-global-color-5)","background-image":"","background-repeat":"repeat","background-position":"center center","background-size":"auto","background-attachment":"scroll","background-type":"","background-media":"","overlay-type":"","overlay-color":"","overlay-opacity":"","overlay-gradient":""},"tablet":{"background-color":"var(--ast-global-color-5)","background-image":"","background-repeat":"repeat","background-position":"center center","background-size":"auto","background-attachment":"scroll","background-type":"","background-media":"","overlay-type":"","overlay-color":"","overlay-opacity":"","overlay-gradient":""},"mobile":{"background-color":"var(--ast-global-color-5)","background-image":"","background-repeat":"repeat","background-position":"center center","background-size":"auto","background-attachment":"scroll","background-type":"","background-media":"","overlay-type":"","overlay-color":"","overlay-opacity":"","overlay-gradient":""}}},"product_brand":[],"product_cat":[37],"product_tag":[],"class_list":{"0":"post-1628","1":"product","2":"type-product","3":"status-publish","4":"has-post-thumbnail","6":"product_cat-raumspray","7":"has-hover-img","8":"hover-img-1628","9":"desktop-align-left","10":"tablet-align-left","11":"mobile-align-left","13":"first","14":"instock","15":"shipping-taxable","16":"purchasable","17":"product-type-variable"},"_links":{"self":[{"href":"https:\/\/vidras.ch\/noblesse\/wp-json\/wp\/v2\/product\/1628","targetHints":{"allow":["GET"]}}],"collection":[{"href":"https:\/\/vidras.ch\/noblesse\/wp-json\/wp\/v2\/product"}],"about":[{"href":"https:\/\/vidras.ch\/noblesse\/wp-json\/wp\/v2\/types\/product"}],"replies":[{"embeddable":true,"href":"https:\/\/vidras.ch\/noblesse\/wp-json\/wp\/v2\/comments?post=1628"}],"wp:featuredmedia":[{"embeddable":true,"href":"https:\/\/vidras.ch\/noblesse\/wp-json\/wp\/v2\/media\/2189"}],"wp:attachment":[{"href":"https:\/\/vidras.ch\/noblesse\/wp-json\/wp\/v2\/media?parent=1628"}],"wp:term":[{"taxonomy":"product_brand","embeddable":true,"href":"https:\/\/vidras.ch\/noblesse\/wp-json\/wp\/v2\/product_brand?post=1628"},{"taxonomy":"product_cat","embeddable":true,"href":"https:\/\/vidras.ch\/noblesse\/wp-json\/wp\/v2\/product_cat?post=1628"},{"taxonomy":"product_tag","embeddable":true,"href":"https:\/\/vidras.ch\/noblesse\/wp-json\/wp\/v2\/product_tag?post=1628"}],"curies":[{"name":"wp","href":"https:\/\/api.w.org\/{rel}","templated":true}]}}