{"id":1651,"date":"2026-03-03T14:06:20","date_gmt":"2026-03-03T14:06:20","guid":{"rendered":"https:\/\/vidras.ch\/noblesse\/?post_type=product&#038;p=1651"},"modified":"2026-04-27T09:02:21","modified_gmt":"2026-04-27T09:02:21","slug":"duftkerze-africa-160-ml-500-ml","status":"publish","type":"product","link":"https:\/\/vidras.ch\/noblesse\/product\/duftkerze-africa-160-ml-500-ml\/","title":{"rendered":"Duftkerze \u2013  Africa (160 ml \/ 500 ml)"},"content":{"rendered":"<h3 style=\"text-align: center;\" data-start=\"516\" data-end=\"536\"><strong data-start=\"520\" data-end=\"536\">Beschreibung<\/strong><\/h3>\n<p style=\"text-align: center;\" data-start=\"49\" data-end=\"79\">Kraftvoll. Warm. Magnetisch.<\/p>\n<p style=\"text-align: center;\" data-start=\"81\" data-end=\"231\"><strong data-start=\"81\" data-end=\"91\">AFRICA<\/strong> ist nicht nur ein Duft \u2014 es ist Pr\u00e4senz.<br data-start=\"132\" data-end=\"135\" \/>Er betritt den Raum mit Selbstbewusstsein und h\u00fcllt die Atmosph\u00e4re langsam in W\u00e4rme und Tiefe.<\/p>\n<p style=\"text-align: center;\" data-start=\"233\" data-end=\"663\">Kardamom-Holz verbindet sich mit weichem Leder und erschafft ein reiches, vielschichtiges Dufterlebnis. Strahlende Bergamotte er\u00f6ffnet die Komposition mit Leichtigkeit, w\u00e4hrend Moschus und edle Holznoten Eleganz und Struktur verleihen. Im Herzen entfalten Kardamom und Leder einen markanten, unverwechselbaren Charakter. Im Hintergrund hinterlassen Kreuzk\u00fcmmel und Safran eine w\u00fcrzige, goldene Spur \u2014 sinnlich und unvergesslich.<\/p>\n<p style=\"text-align: center;\" data-start=\"665\" data-end=\"866\"><strong data-start=\"665\" data-end=\"675\">AFRICA<\/strong> ist f\u00fcr jene, die frische, holzige Aromen lieben \u2014 jedoch mit Intensit\u00e4t.<br data-start=\"749\" data-end=\"752\" \/>F\u00fcr alle, die sich von sandigen D\u00fcnen, warmer Luft und der stillen Kraft weiter Landschaften inspirieren lassen.<\/p>\n<p style=\"text-align: center;\" data-start=\"868\" data-end=\"1002\">Perfekt f\u00fcr gro\u00dfz\u00fcgige Wohnr\u00e4ume, elegante Lounges oder Interieurs mit nat\u00fcrlichen Texturen \u2014 Holz, Leinen, Stein und warme Erdt\u00f6ne.<\/p>\n<p style=\"text-align: center;\" data-start=\"1004\" data-end=\"1052\"><strong data-start=\"1004\" data-end=\"1050\">AFRICA ist St\u00e4rke. W\u00e4rme. Zeitloser Luxus.<\/strong><\/p>\n<p style=\"text-align: center;\" data-start=\"21\" data-end=\"259\"><strong style=\"font-size: 1.5em;\" data-start=\"1194\" data-end=\"1207\">Duftnoten<\/strong><\/p>\n<p style=\"text-align: center;\" data-start=\"1077\" data-end=\"1215\"><strong data-start=\"1077\" data-end=\"1090\">Kopfnote:<\/strong> Bergamotte, Vetiver, Geranie<br data-start=\"1119\" data-end=\"1122\" \/><strong data-start=\"1122\" data-end=\"1135\">Herznote:<\/strong> Kardamom, Leder, Moschus<br data-start=\"1160\" data-end=\"1163\" \/><strong data-start=\"1163\" data-end=\"1177\">Basisnote:<\/strong> Patchouli, Kreuzk\u00fcmmel, Oud, Safran<\/p>\n<h3 style=\"text-align: center;\" data-start=\"2360\" data-end=\"2395\">Die Kunst, einen Raum zu beduften<\/h3>\n<p style=\"text-align: center;\" data-start=\"2397\" data-end=\"2624\">\u2022 Ideal f\u00fcr gro\u00dfz\u00fcgige Wohnr\u00e4ume und elegante Lounges.<br data-start=\"1318\" data-end=\"1321\" \/>\u2022 Harmoniert perfekt mit nat\u00fcrlichen Materialien und warmen Farbwelten.<br data-start=\"1392\" data-end=\"1395\" \/>\u2022 Verleiht Ihrem Raum eine kraftvolle, elegante Ausstrahlung.<br \/>\n\u2022 AFRICA \u2013 St\u00e4rke. W\u00e4rme. Zeitloser Luxus.<\/p>\n","protected":false},"excerpt":{"rendered":"<div class=\"flex flex-col text-sm pb-25\">\n<article class=\"text-token-text-primary w-full focus:outline-none [--shadow-height:45px] has-data-writing-block:pointer-events-none has-data-writing-block:-mt-(--shadow-height) has-data-writing-block:pt-(--shadow-height) [&amp;:has([data-writing-block])&gt;*]:pointer-events-auto scroll-mt-[calc(var(--header-height)+min(200px,max(70px,20svh)))]\" dir=\"auto\" tabindex=\"-1\" data-turn-id=\"request-69a6c8e0-6ae0-838a-b453-19d91781b9b1-16\" data-testid=\"conversation-turn-34\" data-scroll-anchor=\"true\" data-turn=\"assistant\">\n<div class=\"text-base my-auto mx-auto pb-10 [--thread-content-margin:--spacing(4)] @w-sm\/main:[--thread-content-margin:--spacing(6)] @w-lg\/main:[--thread-content-margin:--spacing(16)] px-(--thread-content-margin)\">\n<div class=\"[--thread-content-max-width:40rem] @w-lg\/main:[--thread-content-max-width:48rem] mx-auto max-w-(--thread-content-max-width) flex-1 group\/turn-messages focus-visible:outline-hidden relative flex w-full min-w-0 flex-col agent-turn\" tabindex=\"-1\">\n<div class=\"flex max-w-full flex-col grow\">\n<div class=\"min-h-8 text-message relative flex w-full flex-col items-end gap-2 text-start break-words whitespace-normal [.text-message+&amp;]:mt-1\" dir=\"auto\" data-message-author-role=\"assistant\" data-message-id=\"e8712f6c-a947-410e-a1dd-bf91d5c49e3a\" data-message-model-slug=\"gpt-5-2-instant\">\n<div class=\"flex w-full flex-col gap-1 empty:hidden first:pt-[1px]\">\n<div class=\"markdown prose dark:prose-invert w-full wrap-break-word light markdown-new-styling\">\n<p data-start=\"0\" data-end=\"234\" data-is-last-node=\"\" data-is-only-node=\"\">Eine kraftvolle, holzig-w\u00fcrzige Duftkerze mit Kardamom, Leder und Safran, veredelt durch Bergamotte und edles Oud. Warm, intensiv und elegant \u2013 ideal f\u00fcr gro\u00dfz\u00fcgige Wohnr\u00e4ume, stilvolle Lounges und Interieurs mit nat\u00fcrlichen Texturen.<\/p>\n<\/div>\n<\/div>\n<\/div>\n<\/div>\n<div class=\"z-0 flex min-h-[46px] justify-start\"><\/div>\n<div class=\"mt-3 w-full empty:hidden\">\n<div class=\"text-center\"><\/div>\n<\/div>\n<\/div>\n<\/div>\n<\/article>\n<\/div>\n<div class=\"pointer-events-none h-px w-px absolute bottom-0\" aria-hidden=\"true\" data-edge=\"true\"><\/div>\n","protected":false},"featured_media":2255,"comment_status":"open","ping_status":"closed","template":"","meta":{"site-sidebar-layout":"default","site-content-layout":"","ast-site-content-layout":"default","site-content-style":"default","site-sidebar-style":"default","ast-global-header-display":"","ast-banner-title-visibility":"","ast-main-header-display":"","ast-hfb-above-header-display":"","ast-hfb-below-header-display":"","ast-hfb-mobile-header-display":"","site-post-title":"","ast-breadcrumbs-content":"","ast-featured-img":"","footer-sml-layout":"","ast-disable-related-posts":"","theme-transparent-header-meta":"default","adv-header-id-meta":"","stick-header-meta":"","header-above-stick-meta":"","header-main-stick-meta":"","header-below-stick-meta":"","astra-migrate-meta-layouts":"set","ast-page-background-enabled":"default","ast-page-background-meta":{"desktop":{"background-color":"","background-image":"","background-repeat":"repeat","background-position":"center center","background-size":"auto","background-attachment":"scroll","background-type":"","background-media":"","overlay-type":"","overlay-color":"","overlay-opacity":"","overlay-gradient":""},"tablet":{"background-color":"","background-image":"","background-repeat":"repeat","background-position":"center center","background-size":"auto","background-attachment":"scroll","background-type":"","background-media":"","overlay-type":"","overlay-color":"","overlay-opacity":"","overlay-gradient":""},"mobile":{"background-color":"","background-image":"","background-repeat":"repeat","background-position":"center center","background-size":"auto","background-attachment":"scroll","background-type":"","background-media":"","overlay-type":"","overlay-color":"","overlay-opacity":"","overlay-gradient":""}},"ast-content-background-meta":{"desktop":{"background-color":"var(--ast-global-color-5)","background-image":"","background-repeat":"repeat","background-position":"center center","background-size":"auto","background-attachment":"scroll","background-type":"","background-media":"","overlay-type":"","overlay-color":"","overlay-opacity":"","overlay-gradient":""},"tablet":{"background-color":"var(--ast-global-color-5)","background-image":"","background-repeat":"repeat","background-position":"center center","background-size":"auto","background-attachment":"scroll","background-type":"","background-media":"","overlay-type":"","overlay-color":"","overlay-opacity":"","overlay-gradient":""},"mobile":{"background-color":"var(--ast-global-color-5)","background-image":"","background-repeat":"repeat","background-position":"center center","background-size":"auto","background-attachment":"scroll","background-type":"","background-media":"","overlay-type":"","overlay-color":"","overlay-opacity":"","overlay-gradient":""}}},"product_brand":[],"product_cat":[35],"product_tag":[],"class_list":{"0":"post-1651","1":"product","2":"type-product","3":"status-publish","4":"has-post-thumbnail","6":"product_cat-duftkerzen","7":"has-hover-img","8":"hover-img-1651","9":"desktop-align-left","10":"tablet-align-left","11":"mobile-align-left","13":"first","14":"instock","15":"shipping-taxable","16":"purchasable","17":"product-type-variable"},"_links":{"self":[{"href":"https:\/\/vidras.ch\/noblesse\/wp-json\/wp\/v2\/product\/1651","targetHints":{"allow":["GET"]}}],"collection":[{"href":"https:\/\/vidras.ch\/noblesse\/wp-json\/wp\/v2\/product"}],"about":[{"href":"https:\/\/vidras.ch\/noblesse\/wp-json\/wp\/v2\/types\/product"}],"replies":[{"embeddable":true,"href":"https:\/\/vidras.ch\/noblesse\/wp-json\/wp\/v2\/comments?post=1651"}],"wp:featuredmedia":[{"embeddable":true,"href":"https:\/\/vidras.ch\/noblesse\/wp-json\/wp\/v2\/media\/2255"}],"wp:attachment":[{"href":"https:\/\/vidras.ch\/noblesse\/wp-json\/wp\/v2\/media?parent=1651"}],"wp:term":[{"taxonomy":"product_brand","embeddable":true,"href":"https:\/\/vidras.ch\/noblesse\/wp-json\/wp\/v2\/product_brand?post=1651"},{"taxonomy":"product_cat","embeddable":true,"href":"https:\/\/vidras.ch\/noblesse\/wp-json\/wp\/v2\/product_cat?post=1651"},{"taxonomy":"product_tag","embeddable":true,"href":"https:\/\/vidras.ch\/noblesse\/wp-json\/wp\/v2\/product_tag?post=1651"}],"curies":[{"name":"wp","href":"https:\/\/api.w.org\/{rel}","templated":true}]}}