{"id":1848,"date":"2026-04-02T10:12:41","date_gmt":"2026-04-02T10:12:41","guid":{"rendered":"https:\/\/vidras.ch\/noblesse\/?post_type=product&#038;p=1848"},"modified":"2026-04-27T09:04:05","modified_gmt":"2026-04-27T09:04:05","slug":"tobacco-vanilla-duftstabchen-125-250-ml","status":"publish","type":"product","link":"https:\/\/vidras.ch\/noblesse\/product\/tobacco-vanilla-duftstabchen-125-250-ml\/","title":{"rendered":"Tobacco Vanilla Duftst\u00e4bchen (125 \/ 250 ml)"},"content":{"rendered":"<h3 style=\"text-align: center;\" data-section-id=\"1voxllc\" data-start=\"95\" data-end=\"180\"><span role=\"text\"><strong data-start=\"99\" data-end=\"180\">TOBACCO VANILLA \u2014 Raumduft-Diffusor mit edlen Tabak- und sanften Vanillenoten<\/strong><\/span><\/h3>\n<p style=\"text-align: center;\" data-start=\"182\" data-end=\"432\">Eine warme, umh\u00fcllende Komposition, in der edler Tabak auf cremige Vanille trifft. Feine Gew\u00fcrze entfalten sich und f\u00fchren in ein zartes Herz aus Kakao und s\u00fc\u00dfen Nuancen, getragen von einer sanften Basis aus weichen H\u00f6lzern und getrockneten Fr\u00fcchten.<\/p>\n<p style=\"text-align: center;\" data-start=\"434\" data-end=\"616\"><strong data-start=\"434\" data-end=\"453\">TOBACCO VANILLA<\/strong> entfaltet seinen Charakter bereits nach wenigen Augenblicken und erf\u00fcllt den Raum mit stiller Eleganz.<br data-start=\"556\" data-end=\"559\" \/>Ideal f\u00fcr Schlafzimmer, Wohnzimmer, Badezimmer und B\u00fcros.<\/p>\n<p style=\"text-align: center;\" data-start=\"618\" data-end=\"718\">Perfekt f\u00fcr alle, die dezente Luxusmomente, Tiefe und eine elegante, wohltuende Atmosph\u00e4re sch\u00e4tzen.<\/p>\n<p style=\"text-align: center;\">\n<h3 style=\"text-align: center;\" data-section-id=\"19xfwor\" data-start=\"725\" data-end=\"742\"><span role=\"text\"><strong data-start=\"729\" data-end=\"742\">DUFTNOTEN<\/strong><\/span><\/h3>\n<p style=\"text-align: center;\" data-start=\"744\" data-end=\"889\"><strong data-start=\"744\" data-end=\"757\">Kopfnote:<\/strong> Tabakbl\u00e4tter, Gew\u00fcrze<br data-start=\"779\" data-end=\"782\" \/><strong data-start=\"782\" data-end=\"795\">Herznote:<\/strong> Tonkabohnen, Vanille, Kakao, Tabakbl\u00fcte<br data-start=\"835\" data-end=\"838\" \/><strong data-start=\"838\" data-end=\"852\">Basisnote:<\/strong> Holzige Noten, getrocknete Fr\u00fcchte<\/p>\n<h3 style=\"text-align: center;\" data-section-id=\"wqu9b0\" data-start=\"896\" data-end=\"912\"><span role=\"text\"><strong data-start=\"900\" data-end=\"912\">Vorteile<\/strong><\/span><\/h3>\n<p style=\"text-align: center;\" data-start=\"914\" data-end=\"1151\">\u2022 Hochkonzentrierter Duft f\u00fcr ein langanhaltendes und intensives Dufterlebnis<br data-start=\"991\" data-end=\"994\" \/>\u2022 Mikrofaserst\u00e4bchen sorgen f\u00fcr eine gleichm\u00e4\u00dfige und effektive Duftverteilung<br data-start=\"1072\" data-end=\"1075\" \/>\u2022 Elegantes Flaschendesign, das Ihrem Raum eine dezente Luxusnote verleiht<\/p>\n<h3 style=\"text-align: center;\" data-section-id=\"1tolxsv\" data-start=\"1158\" data-end=\"1176\"><span role=\"text\"><strong data-start=\"1162\" data-end=\"1176\">Set-Inhalt<\/strong><\/span><\/h3>\n<p style=\"text-align: center;\" data-start=\"1178\" data-end=\"1282\">\u2022 <strong data-start=\"1180\" data-end=\"1191\">125 ml:<\/strong> 10 Duftst\u00e4bchen &amp; 1 Nachf\u00fcllflasche<br data-start=\"1227\" data-end=\"1230\" \/>\u2022 <strong data-start=\"1232\" data-end=\"1243\">250 ml:<\/strong> 12 Duftst\u00e4bchen &amp; 2 Nachf\u00fcllflaschen<\/p>\n<h3 style=\"text-align: center;\" data-section-id=\"dnlw6l\" data-start=\"1289\" data-end=\"1306\"><span role=\"text\"><strong data-start=\"1293\" data-end=\"1306\">Anwendung<\/strong><\/span><\/h3>\n<p style=\"text-align: center;\" data-start=\"1308\" data-end=\"1359\">F\u00fcllen Sie die Glasflasche mit der Duftfl\u00fcssigkeit.<\/p>\n<p style=\"text-align: center;\" data-start=\"1361\" data-end=\"1493\">Setzen Sie die Duftst\u00e4bchen ein \u2014 diese nehmen die Fl\u00fcssigkeit auf und beginnen innerhalb von 30\u201360 Minuten, den Duft zu verbreiten.<\/p>\n<p style=\"text-align: center;\" data-start=\"1495\" data-end=\"1589\">Platzieren Sie den Diffusor an einem gut bel\u00fcfteten Ort, fern von direkter Sonneneinstrahlung.<\/p>\n<p style=\"text-align: center;\" data-start=\"1591\" data-end=\"1685\">Verwenden Sie eine halbe Nachf\u00fcllung f\u00fcr 125 ml oder eine vollst\u00e4ndige Nachf\u00fcllung f\u00fcr 250 ml.<\/p>\n<p style=\"text-align: center;\" data-start=\"1687\" data-end=\"1807\">Zur Auffrischung des Duftes regelm\u00e4\u00dfig Fl\u00fcssigkeit nachf\u00fcllen und die Intensit\u00e4t durch die Anzahl der St\u00e4bchen anpassen.<\/p>\n<h3 style=\"text-align: center;\" data-section-id=\"9m7cm6\" data-start=\"1814\" data-end=\"1847\"><span role=\"text\"><strong data-start=\"1818\" data-end=\"1847\">Empfehlungen &amp; Sicherheit<\/strong><\/span><\/h3>\n<p style=\"text-align: center;\" data-start=\"1849\" data-end=\"2204\">\u2022 Nur zur \u00e4u\u00dferen Anwendung \u2014 nicht einnehmen<br data-start=\"1894\" data-end=\"1897\" \/>\u2022 Kontakt mit Augen vermeiden und au\u00dferhalb der Reichweite von Kindern sowie von offenen Flammen aufbewahren<br data-start=\"2005\" data-end=\"2008\" \/>\u2022 Bei Versch\u00fctten die Oberfl\u00e4che mit Seifenwasser reinigen oder leicht erw\u00e4rmen, damit die Fl\u00fcssigkeit verdunstet<br data-start=\"2121\" data-end=\"2124\" \/>\u2022 Nachf\u00fcllflaschen an einem k\u00fchlen, trockenen Ort zwischen 5\u00b0C und 25\u00b0C lagern<\/p>\n","protected":false},"excerpt":{"rendered":"<p data-start=\"215\" data-end=\"379\">Ein intensiver Raumduft mit warmen Tabaknoten und weicher Vanille. Sorgt f\u00fcr eine elegante, tiefe und luxuri\u00f6se Atmosph\u00e4re mit individuell regulierbarer Intensit\u00e4t.<\/p>\n","protected":false},"featured_media":2187,"comment_status":"open","ping_status":"closed","template":"","meta":{"site-sidebar-layout":"default","site-content-layout":"","ast-site-content-layout":"default","site-content-style":"default","site-sidebar-style":"default","ast-global-header-display":"","ast-banner-title-visibility":"","ast-main-header-display":"","ast-hfb-above-header-display":"","ast-hfb-below-header-display":"","ast-hfb-mobile-header-display":"","site-post-title":"","ast-breadcrumbs-content":"","ast-featured-img":"","footer-sml-layout":"","ast-disable-related-posts":"","theme-transparent-header-meta":"default","adv-header-id-meta":"","stick-header-meta":"","header-above-stick-meta":"","header-main-stick-meta":"","header-below-stick-meta":"","astra-migrate-meta-layouts":"set","ast-page-background-enabled":"default","ast-page-background-meta":{"desktop":{"background-color":"","background-image":"","background-repeat":"repeat","background-position":"center center","background-size":"auto","background-attachment":"scroll","background-type":"","background-media":"","overlay-type":"","overlay-color":"","overlay-opacity":"","overlay-gradient":""},"tablet":{"background-color":"","background-image":"","background-repeat":"repeat","background-position":"center center","background-size":"auto","background-attachment":"scroll","background-type":"","background-media":"","overlay-type":"","overlay-color":"","overlay-opacity":"","overlay-gradient":""},"mobile":{"background-color":"","background-image":"","background-repeat":"repeat","background-position":"center center","background-size":"auto","background-attachment":"scroll","background-type":"","background-media":"","overlay-type":"","overlay-color":"","overlay-opacity":"","overlay-gradient":""}},"ast-content-background-meta":{"desktop":{"background-color":"var(--ast-global-color-5)","background-image":"","background-repeat":"repeat","background-position":"center center","background-size":"auto","background-attachment":"scroll","background-type":"","background-media":"","overlay-type":"","overlay-color":"","overlay-opacity":"","overlay-gradient":""},"tablet":{"background-color":"var(--ast-global-color-5)","background-image":"","background-repeat":"repeat","background-position":"center center","background-size":"auto","background-attachment":"scroll","background-type":"","background-media":"","overlay-type":"","overlay-color":"","overlay-opacity":"","overlay-gradient":""},"mobile":{"background-color":"var(--ast-global-color-5)","background-image":"","background-repeat":"repeat","background-position":"center center","background-size":"auto","background-attachment":"scroll","background-type":"","background-media":"","overlay-type":"","overlay-color":"","overlay-opacity":"","overlay-gradient":""}}},"product_brand":[],"product_cat":[36],"product_tag":[],"class_list":{"0":"post-1848","1":"product","2":"type-product","3":"status-publish","4":"has-post-thumbnail","6":"product_cat-duftstabchen","7":"has-hover-img","8":"hover-img-1848","9":"desktop-align-left","10":"tablet-align-left","11":"mobile-align-left","13":"first","14":"instock","15":"shipping-taxable","16":"purchasable","17":"product-type-variable"},"_links":{"self":[{"href":"https:\/\/vidras.ch\/noblesse\/wp-json\/wp\/v2\/product\/1848","targetHints":{"allow":["GET"]}}],"collection":[{"href":"https:\/\/vidras.ch\/noblesse\/wp-json\/wp\/v2\/product"}],"about":[{"href":"https:\/\/vidras.ch\/noblesse\/wp-json\/wp\/v2\/types\/product"}],"replies":[{"embeddable":true,"href":"https:\/\/vidras.ch\/noblesse\/wp-json\/wp\/v2\/comments?post=1848"}],"wp:featuredmedia":[{"embeddable":true,"href":"https:\/\/vidras.ch\/noblesse\/wp-json\/wp\/v2\/media\/2187"}],"wp:attachment":[{"href":"https:\/\/vidras.ch\/noblesse\/wp-json\/wp\/v2\/media?parent=1848"}],"wp:term":[{"taxonomy":"product_brand","embeddable":true,"href":"https:\/\/vidras.ch\/noblesse\/wp-json\/wp\/v2\/product_brand?post=1848"},{"taxonomy":"product_cat","embeddable":true,"href":"https:\/\/vidras.ch\/noblesse\/wp-json\/wp\/v2\/product_cat?post=1848"},{"taxonomy":"product_tag","embeddable":true,"href":"https:\/\/vidras.ch\/noblesse\/wp-json\/wp\/v2\/product_tag?post=1848"}],"curies":[{"name":"wp","href":"https:\/\/api.w.org\/{rel}","templated":true}]}}