{"id":2308,"date":"2026-04-27T08:30:52","date_gmt":"2026-04-27T08:30:52","guid":{"rendered":"https:\/\/vidras.ch\/noblesse\/?post_type=product&#038;p=2308"},"modified":"2026-05-01T14:23:37","modified_gmt":"2026-05-01T14:23:37","slug":"london-santal-duftstabchen-125-250-ml","status":"publish","type":"product","link":"https:\/\/vidras.ch\/noblesse\/product\/london-santal-duftstabchen-125-250-ml\/","title":{"rendered":"London Santal Duftst\u00e4bchen (125 \/ 250 ml)"},"content":{"rendered":"<section class=\"text-token-text-primary w-full focus:outline-none [--shadow-height:45px] has-data-writing-block:pointer-events-none has-data-writing-block:-mt-(--shadow-height) has-data-writing-block:pt-(--shadow-height) [&amp;:has([data-writing-block])&gt;*]:pointer-events-auto [content-visibility:auto] supports-[content-visibility:auto]:[contain-intrinsic-size:auto_100lvh] R6Vx5W_threadScrollVars scroll-mb-[calc(var(--scroll-root-safe-area-inset-bottom,0px)+var(--thread-response-height))] scroll-mt-[calc(var(--header-height)+min(200px,max(70px,20svh)))]\" dir=\"auto\" data-turn-id=\"request-WEB:c2e8d555-2d35-4ce9-acb8-7a38a367ff7a-1\" data-testid=\"conversation-turn-4\" data-scroll-anchor=\"false\" data-turn=\"assistant\">\n<div class=\"text-base my-auto mx-auto pb-10 [--thread-content-margin:var(--thread-content-margin-xs,calc(var(--spacing)*4))] @w-sm\/main:[--thread-content-margin:var(--thread-content-margin-sm,calc(var(--spacing)*6))] @w-lg\/main:[--thread-content-margin:var(--thread-content-margin-lg,calc(var(--spacing)*16))] px-(--thread-content-margin)\">\n<div class=\"[--thread-content-max-width:40rem] @w-lg\/main:[--thread-content-max-width:48rem] mx-auto max-w-(--thread-content-max-width) flex-1 group\/turn-messages focus-visible:outline-hidden relative flex w-full min-w-0 flex-col agent-turn\">\n<div class=\"flex max-w-full flex-col gap-4 grow\">\n<div class=\"min-h-8 text-message relative flex w-full flex-col items-end gap-2 text-start break-words whitespace-normal outline-none keyboard-focused:focus-ring [.text-message+&amp;]:mt-1\" dir=\"auto\" tabindex=\"0\" data-message-author-role=\"assistant\" data-message-id=\"6356e93e-107b-4d1d-b589-75702fbf9564\" data-message-model-slug=\"gpt-5-3-instant\" data-turn-start-message=\"true\">\n<div class=\"flex w-full flex-col gap-1 empty:hidden\">\n<div class=\"markdown prose dark:prose-invert w-full wrap-break-word light markdown-new-styling\">\n<h3 style=\"text-align: center;\" data-start=\"0\" data-end=\"73\"><strong data-start=\"0\" data-end=\"73\">LONDON SANTAL \u2014 Premium Raumdiffusor mit pudriger, raffinierter W\u00e4rme<\/strong><\/h3>\n<p style=\"text-align: center;\" data-start=\"75\" data-end=\"899\">Eine anspruchsvolle Komposition, in der Sanftheit auf Tiefe trifft und sich in einer ruhigen, umh\u00fcllenden Eleganz entfaltet.<br data-start=\"199\" data-end=\"202\" \/>Zarte Noten von Kardamom er\u00f6ffnen den Duft mit einer feinen, aromatischen W\u00fcrze und verschmelzen sanft mit cremigem Sandelholz. Im Herzen erzeugen pudrige Iris und warmes Amber einen samtigen, leicht bitteren, orientalischen Akkord, der zugleich beruhigend und charaktervoll wirkt. Die Basis offenbart weiche Nuancen von Veilchen und Papyrus und hinterl\u00e4sst eine elegante, dezent florale Duftspur, die anmutig nachklingt.<br data-start=\"623\" data-end=\"626\" \/>LONDON SANTAL ist ein Duft von zur\u00fcckhaltendem Luxus \u2014 ideal f\u00fcr Liebhaber pudriger Texturen, warmer H\u00f6lzer und der zeitlosen Faszination des Orients. Er verwandelt Ihren Raum in ein ruhiges, elegantes Refugium, in dem W\u00e4rme und Raffinesse m\u00fchelos miteinander verschmelzen.<\/p>\n<h3 style=\"text-align: center;\" data-section-id=\"aux6wr\" data-start=\"906\" data-end=\"925\"><span role=\"text\"><strong data-start=\"910\" data-end=\"923\">DUFTNOTEN<\/strong><\/span><\/h3>\n<p style=\"text-align: center;\" data-start=\"926\" data-end=\"1048\"><strong data-start=\"926\" data-end=\"939\">Kopfnote:<\/strong> Sandelholz, Leder, Papyrus<br data-start=\"966\" data-end=\"969\" \/><strong data-start=\"969\" data-end=\"982\">Herznote:<\/strong> Veilchen, Kardamom, Virginia-Zeder<br data-start=\"1017\" data-end=\"1020\" \/><strong data-start=\"1020\" data-end=\"1034\">Basisnote:<\/strong> Iris, Amber<\/p>\n<h3 style=\"text-align: center;\" data-section-id=\"5t6d8c\" data-start=\"1055\" data-end=\"1071\"><span role=\"text\"><strong data-start=\"1059\" data-end=\"1071\">VORTEILE<\/strong><\/span><\/h3>\n<p style=\"text-align: center;\" data-start=\"1073\" data-end=\"1306\">\u2022 Hochkonzentrierter Duft f\u00fcr ein langanhaltendes, intensives Dufterlebnis<br data-start=\"1147\" data-end=\"1150\" \/>\u2022 Mikrofaserst\u00e4bchen sorgen f\u00fcr eine gleichm\u00e4\u00dfige und effektive Diffusion<br data-start=\"1223\" data-end=\"1226\" \/>\u2022 Elegantes Flakondesign, das Ihren Raum mit dezenter Luxus\u00e4sthetik bereichert<\/p>\n<h3 style=\"text-align: center;\" data-section-id=\"ul7nlr\" data-start=\"1313\" data-end=\"1331\"><span role=\"text\"><strong data-start=\"1317\" data-end=\"1331\">SET-INHALT<\/strong><\/span><\/h3>\n<p style=\"text-align: center;\" data-start=\"1333\" data-end=\"1421\">\u2022 <strong>125 ml<\/strong>: 10 St\u00e4bchen &amp; 1 Nachf\u00fcllflasche<br data-start=\"1374\" data-end=\"1377\" \/>\u2022<strong> 250 ml<\/strong>: 12 St\u00e4bchen &amp; 2 Nachf\u00fcllflaschen<\/p>\n<h3 style=\"text-align: center;\" data-section-id=\"x4dk6l\" data-start=\"1428\" data-end=\"1445\"><span role=\"text\"><strong data-start=\"1432\" data-end=\"1445\">ANWENDUNG<\/strong><\/span><\/h3>\n<p style=\"text-align: center;\" data-start=\"1447\" data-end=\"1921\">F\u00fcllen Sie die Glasflasche mit der Duftfl\u00fcssigkeit.<br data-start=\"1498\" data-end=\"1501\" \/>Setzen Sie die St\u00e4bchen ein \u2014 sie nehmen den Duft auf und beginnen innerhalb von 30\u201360 Minuten mit der Diffusion.<br data-start=\"1614\" data-end=\"1617\" \/>Platzieren Sie den Diffusor an einem gut bel\u00fcfteten Ort, fern von direkter Sonneneinstrahlung.<br data-start=\"1711\" data-end=\"1714\" \/>Verwenden Sie eine halbe Nachf\u00fcllflasche f\u00fcr 125 ml oder eine ganze f\u00fcr 250 ml.<br data-start=\"1793\" data-end=\"1796\" \/>Zur Auffrischung des Duftes w\u00f6chentlich Fl\u00fcssigkeit nachf\u00fcllen und die Intensit\u00e4t durch die Anzahl der St\u00e4bchen regulieren.<\/p>\n<h3 style=\"text-align: center;\" data-section-id=\"1k0d3q6\" data-start=\"1928\" data-end=\"1961\"><span role=\"text\"><strong data-start=\"1932\" data-end=\"1961\">EMPFEHLUNGEN &amp; SICHERHEIT<\/strong><\/span><\/h3>\n<p style=\"text-align: center;\" data-start=\"1963\" data-end=\"2294\" data-is-last-node=\"\" data-is-only-node=\"\">\u2022 Nur zur \u00e4u\u00dferlichen Anwendung \u2014 nicht einnehmen<br data-start=\"2012\" data-end=\"2015\" \/>\u2022 Kontakt mit den Augen vermeiden und von Kindern sowie offenen Flammen fernhalten<br data-start=\"2097\" data-end=\"2100\" \/>\u2022 Bei Versch\u00fctten die Oberfl\u00e4che mit Seifenwasser reinigen oder leicht erw\u00e4rmen, damit die Fl\u00fcssigkeit verdunstet<br data-start=\"2213\" data-end=\"2216\" \/>\u2022 Nachf\u00fcllflaschen an einem k\u00fchlen, trockenen Ort zwischen 5\u00b0C und 25\u00b0C lagern<\/p>\n<\/div>\n<\/div>\n<\/div>\n<\/div>\n<div class=\"z-0 flex min-h-[46px] justify-start\" style=\"text-align: center;\"><\/div>\n<div class=\"mt-3 w-full empty:hidden\" style=\"text-align: center;\"><\/div>\n<\/div>\n<\/div>\n<\/section>\n","protected":false},"excerpt":{"rendered":"<p data-start=\"1182\" data-end=\"1360\">Ein eleganter Raumduft mit cremigem Sandelholz und dezenten Gew\u00fcrznoten. Verleiht dem Raum eine moderne, ruhige und luxuri\u00f6se Atmosph\u00e4re mit individuell regulierbarer Intensit\u00e4t.<\/p>\n","protected":false},"featured_media":0,"comment_status":"open","ping_status":"closed","template":"","meta":{"site-sidebar-layout":"default","site-content-layout":"","ast-site-content-layout":"default","site-content-style":"default","site-sidebar-style":"default","ast-global-header-display":"","ast-banner-title-visibility":"","ast-main-header-display":"","ast-hfb-above-header-display":"","ast-hfb-below-header-display":"","ast-hfb-mobile-header-display":"","site-post-title":"","ast-breadcrumbs-content":"","ast-featured-img":"","footer-sml-layout":"","ast-disable-related-posts":"","theme-transparent-header-meta":"default","adv-header-id-meta":"","stick-header-meta":"","header-above-stick-meta":"","header-main-stick-meta":"","header-below-stick-meta":"","astra-migrate-meta-layouts":"set","ast-page-background-enabled":"default","ast-page-background-meta":{"desktop":{"background-color":"","background-image":"","background-repeat":"repeat","background-position":"center center","background-size":"auto","background-attachment":"scroll","background-type":"","background-media":"","overlay-type":"","overlay-color":"","overlay-opacity":"","overlay-gradient":""},"tablet":{"background-color":"","background-image":"","background-repeat":"repeat","background-position":"center center","background-size":"auto","background-attachment":"scroll","background-type":"","background-media":"","overlay-type":"","overlay-color":"","overlay-opacity":"","overlay-gradient":""},"mobile":{"background-color":"","background-image":"","background-repeat":"repeat","background-position":"center center","background-size":"auto","background-attachment":"scroll","background-type":"","background-media":"","overlay-type":"","overlay-color":"","overlay-opacity":"","overlay-gradient":""}},"ast-content-background-meta":{"desktop":{"background-color":"var(--ast-global-color-5)","background-image":"","background-repeat":"repeat","background-position":"center center","background-size":"auto","background-attachment":"scroll","background-type":"","background-media":"","overlay-type":"","overlay-color":"","overlay-opacity":"","overlay-gradient":""},"tablet":{"background-color":"var(--ast-global-color-5)","background-image":"","background-repeat":"repeat","background-position":"center center","background-size":"auto","background-attachment":"scroll","background-type":"","background-media":"","overlay-type":"","overlay-color":"","overlay-opacity":"","overlay-gradient":""},"mobile":{"background-color":"var(--ast-global-color-5)","background-image":"","background-repeat":"repeat","background-position":"center center","background-size":"auto","background-attachment":"scroll","background-type":"","background-media":"","overlay-type":"","overlay-color":"","overlay-opacity":"","overlay-gradient":""}}},"product_brand":[],"product_cat":[36],"product_tag":[],"class_list":{"0":"post-2308","1":"product","2":"type-product","3":"status-publish","5":"product_cat-duftstabchen","6":"desktop-align-left","7":"tablet-align-left","8":"mobile-align-left","10":"first","11":"instock","12":"shipping-taxable","13":"purchasable","14":"product-type-variable"},"_links":{"self":[{"href":"https:\/\/vidras.ch\/noblesse\/wp-json\/wp\/v2\/product\/2308","targetHints":{"allow":["GET"]}}],"collection":[{"href":"https:\/\/vidras.ch\/noblesse\/wp-json\/wp\/v2\/product"}],"about":[{"href":"https:\/\/vidras.ch\/noblesse\/wp-json\/wp\/v2\/types\/product"}],"replies":[{"embeddable":true,"href":"https:\/\/vidras.ch\/noblesse\/wp-json\/wp\/v2\/comments?post=2308"}],"wp:attachment":[{"href":"https:\/\/vidras.ch\/noblesse\/wp-json\/wp\/v2\/media?parent=2308"}],"wp:term":[{"taxonomy":"product_brand","embeddable":true,"href":"https:\/\/vidras.ch\/noblesse\/wp-json\/wp\/v2\/product_brand?post=2308"},{"taxonomy":"product_cat","embeddable":true,"href":"https:\/\/vidras.ch\/noblesse\/wp-json\/wp\/v2\/product_cat?post=2308"},{"taxonomy":"product_tag","embeddable":true,"href":"https:\/\/vidras.ch\/noblesse\/wp-json\/wp\/v2\/product_tag?post=2308"}],"curies":[{"name":"wp","href":"https:\/\/api.w.org\/{rel}","templated":true}]}}