{"id":2323,"date":"2026-04-27T08:31:11","date_gmt":"2026-04-27T08:31:11","guid":{"rendered":"https:\/\/vidras.ch\/noblesse\/?post_type=product&#038;p=2323"},"modified":"2026-04-27T09:03:32","modified_gmt":"2026-04-27T09:03:32","slug":"golden-dune-duftstabchen-125-250-ml","status":"publish","type":"product","link":"https:\/\/vidras.ch\/noblesse\/product\/golden-dune-duftstabchen-125-250-ml\/","title":{"rendered":"Golden Dune Duftst\u00e4bchen (125 \/ 250 ml)"},"content":{"rendered":"<h3 style=\"text-align: center;\" data-section-id=\"1julg7m\" data-start=\"83\" data-end=\"182\"><span role=\"text\"><strong data-start=\"87\" data-end=\"182\">GOLDEN DUNE \u2014 Raumduft-Diffusor mit sonnenverw\u00f6hnten Gew\u00fcrzen und warmen, holzigen Akkorden<\/strong><\/span><\/h3>\n<p style=\"text-align: center;\" data-start=\"184\" data-end=\"575\">Eine kraftvolle, strahlende Komposition, inspiriert von der Hitze endloser Horizonte. Lebendige Zitrusnoten von Orange und Grapefruit er\u00f6ffnen den Duft mit leuchtender Frische, die sich allm\u00e4hlich in w\u00fcrzige Pfefferakkorde verwandelt und Energie sowie Intensit\u00e4t verleiht. Der Duft entfaltet sich zu einer warmen, eleganten Basis aus Zedernholz und Vetiver, die Tiefe und Raffinesse schenkt.<\/p>\n<p style=\"text-align: center;\" data-start=\"577\" data-end=\"735\"><strong data-start=\"577\" data-end=\"592\">GOLDEN DUNE<\/strong> erf\u00fcllt den Raum mit W\u00e4rme und Pr\u00e4senz und erinnert an die goldene Strahlkraft sonnengetr\u00e4nkter Landschaften und die Faszination ferner D\u00fcnen.<\/p>\n<p style=\"text-align: center;\" data-start=\"737\" data-end=\"870\">Eine au\u00dfergew\u00f6hnliche Wahl f\u00fcr alle, die eine lebendige, lichtdurchflutete Atmosph\u00e4re mit Charakter, W\u00e4rme und dezentem Luxus suchen.<\/p>\n<h3 style=\"text-align: center;\" data-section-id=\"19xfwor\" data-start=\"877\" data-end=\"894\"><span role=\"text\"><strong data-start=\"881\" data-end=\"894\">DUFTNOTEN<\/strong><\/span><\/h3>\n<p style=\"text-align: center;\" data-start=\"896\" data-end=\"1024\"><strong data-start=\"896\" data-end=\"909\">Kopfnote:<\/strong> Orange, Grapefruit<br data-start=\"928\" data-end=\"931\" \/><strong data-start=\"931\" data-end=\"944\">Herznote:<\/strong> Pfeffer, Rosa Pfeffer<br data-start=\"966\" data-end=\"969\" \/><strong data-start=\"969\" data-end=\"983\">Basisnote:<\/strong> Vetiver, Zedernholz, Patchouli, Benzoe<\/p>\n<h3 style=\"text-align: center;\" data-section-id=\"wqu9b0\" data-start=\"1031\" data-end=\"1047\"><span role=\"text\"><strong data-start=\"1035\" data-end=\"1047\">Vorteile<\/strong><\/span><\/h3>\n<p style=\"text-align: center;\" data-start=\"1049\" data-end=\"1286\">\u2022 Hochkonzentrierter Duft f\u00fcr ein langanhaltendes und intensives Dufterlebnis<br data-start=\"1126\" data-end=\"1129\" \/>\u2022 Mikrofaserst\u00e4bchen sorgen f\u00fcr eine gleichm\u00e4\u00dfige und effektive Duftverteilung<br data-start=\"1207\" data-end=\"1210\" \/>\u2022 Elegantes Flaschendesign, das Ihrem Raum eine dezente Luxusnote verleiht<\/p>\n<h3 style=\"text-align: center;\" data-section-id=\"1tolxsv\" data-start=\"1293\" data-end=\"1311\"><span role=\"text\"><strong data-start=\"1297\" data-end=\"1311\">Set-Inhalt<\/strong><\/span><\/h3>\n<p style=\"text-align: center;\" data-start=\"1313\" data-end=\"1417\">\u2022 <strong data-start=\"1315\" data-end=\"1326\">125 ml:<\/strong> 10 Duftst\u00e4bchen &amp; 1 Nachf\u00fcllflasche<br data-start=\"1362\" data-end=\"1365\" \/>\u2022 <strong data-start=\"1367\" data-end=\"1378\">250 ml:<\/strong> 12 Duftst\u00e4bchen &amp; 2 Nachf\u00fcllflaschen<\/p>\n<h3 style=\"text-align: center;\" data-section-id=\"dnlw6l\" data-start=\"1424\" data-end=\"1441\"><span role=\"text\"><strong data-start=\"1428\" data-end=\"1441\">Anwendung<\/strong><\/span><\/h3>\n<p style=\"text-align: center;\" data-start=\"1443\" data-end=\"1494\">F\u00fcllen Sie die Glasflasche mit der Duftfl\u00fcssigkeit.<\/p>\n<p style=\"text-align: center;\" data-start=\"1496\" data-end=\"1628\">Setzen Sie die Duftst\u00e4bchen ein \u2014 diese nehmen die Fl\u00fcssigkeit auf und beginnen innerhalb von 30\u201360 Minuten, den Duft zu verbreiten.<\/p>\n<p style=\"text-align: center;\" data-start=\"1630\" data-end=\"1724\">Platzieren Sie den Diffusor an einem gut bel\u00fcfteten Ort, fern von direkter Sonneneinstrahlung.<\/p>\n<p style=\"text-align: center;\" data-start=\"1726\" data-end=\"1820\">Verwenden Sie eine halbe Nachf\u00fcllung f\u00fcr 125 ml oder eine vollst\u00e4ndige Nachf\u00fcllung f\u00fcr 250 ml.<\/p>\n<p style=\"text-align: center;\" data-start=\"1822\" data-end=\"1942\">Zur Auffrischung des Duftes regelm\u00e4\u00dfig Fl\u00fcssigkeit nachf\u00fcllen und die Intensit\u00e4t durch die Anzahl der St\u00e4bchen anpassen.<\/p>\n<h3 style=\"text-align: center;\" data-section-id=\"9m7cm6\" data-start=\"1949\" data-end=\"1982\"><span role=\"text\"><strong data-start=\"1953\" data-end=\"1982\">Empfehlungen &amp; Sicherheit<\/strong><\/span><\/h3>\n<p style=\"text-align: center;\" data-start=\"1984\" data-end=\"2339\">\u2022 Nur zur \u00e4u\u00dferen Anwendung \u2014 nicht einnehmen<br data-start=\"2029\" data-end=\"2032\" \/>\u2022 Kontakt mit Augen vermeiden und au\u00dferhalb der Reichweite von Kindern sowie von offenen Flammen aufbewahren<br data-start=\"2140\" data-end=\"2143\" \/>\u2022 Bei Versch\u00fctten die Oberfl\u00e4che mit Seifenwasser reinigen oder leicht erw\u00e4rmen, damit die Fl\u00fcssigkeit verdunstet<br data-start=\"2256\" data-end=\"2259\" \/>\u2022 Nachf\u00fcllflaschen an einem k\u00fchlen, trockenen Ort zwischen 5\u00b0C und 25\u00b0C lagern<\/p>\n","protected":false},"excerpt":{"rendered":"<p data-start=\"143\" data-end=\"336\">Ein lebendiger Raumduft mit frischen Zitrusnoten und warmen, w\u00fcrzigen Akzenten. Schafft eine strahlende, energiegeladene Atmosph\u00e4re mit eleganter Tiefe und individuell regulierbarer Intensit\u00e4t.<\/p>\n","protected":false},"featured_media":2330,"comment_status":"open","ping_status":"closed","template":"","meta":{"site-sidebar-layout":"default","site-content-layout":"","ast-site-content-layout":"default","site-content-style":"default","site-sidebar-style":"default","ast-global-header-display":"","ast-banner-title-visibility":"","ast-main-header-display":"","ast-hfb-above-header-display":"","ast-hfb-below-header-display":"","ast-hfb-mobile-header-display":"","site-post-title":"","ast-breadcrumbs-content":"","ast-featured-img":"","footer-sml-layout":"","ast-disable-related-posts":"","theme-transparent-header-meta":"default","adv-header-id-meta":"","stick-header-meta":"","header-above-stick-meta":"","header-main-stick-meta":"","header-below-stick-meta":"","astra-migrate-meta-layouts":"set","ast-page-background-enabled":"default","ast-page-background-meta":{"desktop":{"background-color":"","background-image":"","background-repeat":"repeat","background-position":"center center","background-size":"auto","background-attachment":"scroll","background-type":"","background-media":"","overlay-type":"","overlay-color":"","overlay-opacity":"","overlay-gradient":""},"tablet":{"background-color":"","background-image":"","background-repeat":"repeat","background-position":"center center","background-size":"auto","background-attachment":"scroll","background-type":"","background-media":"","overlay-type":"","overlay-color":"","overlay-opacity":"","overlay-gradient":""},"mobile":{"background-color":"","background-image":"","background-repeat":"repeat","background-position":"center center","background-size":"auto","background-attachment":"scroll","background-type":"","background-media":"","overlay-type":"","overlay-color":"","overlay-opacity":"","overlay-gradient":""}},"ast-content-background-meta":{"desktop":{"background-color":"var(--ast-global-color-5)","background-image":"","background-repeat":"repeat","background-position":"center center","background-size":"auto","background-attachment":"scroll","background-type":"","background-media":"","overlay-type":"","overlay-color":"","overlay-opacity":"","overlay-gradient":""},"tablet":{"background-color":"var(--ast-global-color-5)","background-image":"","background-repeat":"repeat","background-position":"center center","background-size":"auto","background-attachment":"scroll","background-type":"","background-media":"","overlay-type":"","overlay-color":"","overlay-opacity":"","overlay-gradient":""},"mobile":{"background-color":"var(--ast-global-color-5)","background-image":"","background-repeat":"repeat","background-position":"center center","background-size":"auto","background-attachment":"scroll","background-type":"","background-media":"","overlay-type":"","overlay-color":"","overlay-opacity":"","overlay-gradient":""}}},"product_brand":[],"product_cat":[36],"product_tag":[],"class_list":{"0":"post-2323","1":"product","2":"type-product","3":"status-publish","4":"has-post-thumbnail","6":"product_cat-duftstabchen","7":"has-hover-img","8":"hover-img-2323","9":"desktop-align-left","10":"tablet-align-left","11":"mobile-align-left","13":"first","14":"instock","15":"shipping-taxable","16":"purchasable","17":"product-type-variable"},"_links":{"self":[{"href":"https:\/\/vidras.ch\/noblesse\/wp-json\/wp\/v2\/product\/2323","targetHints":{"allow":["GET"]}}],"collection":[{"href":"https:\/\/vidras.ch\/noblesse\/wp-json\/wp\/v2\/product"}],"about":[{"href":"https:\/\/vidras.ch\/noblesse\/wp-json\/wp\/v2\/types\/product"}],"replies":[{"embeddable":true,"href":"https:\/\/vidras.ch\/noblesse\/wp-json\/wp\/v2\/comments?post=2323"}],"wp:featuredmedia":[{"embeddable":true,"href":"https:\/\/vidras.ch\/noblesse\/wp-json\/wp\/v2\/media\/2330"}],"wp:attachment":[{"href":"https:\/\/vidras.ch\/noblesse\/wp-json\/wp\/v2\/media?parent=2323"}],"wp:term":[{"taxonomy":"product_brand","embeddable":true,"href":"https:\/\/vidras.ch\/noblesse\/wp-json\/wp\/v2\/product_brand?post=2323"},{"taxonomy":"product_cat","embeddable":true,"href":"https:\/\/vidras.ch\/noblesse\/wp-json\/wp\/v2\/product_cat?post=2323"},{"taxonomy":"product_tag","embeddable":true,"href":"https:\/\/vidras.ch\/noblesse\/wp-json\/wp\/v2\/product_tag?post=2323"}],"curies":[{"name":"wp","href":"https:\/\/api.w.org\/{rel}","templated":true}]}}